{"id":7069,"date":"2023-09-18T11:42:14","date_gmt":"2023-09-18T11:42:14","guid":{"rendered":"https:\/\/doohvolution.de\/?page_id=7069"},"modified":"2023-09-19T15:52:20","modified_gmt":"2023-09-19T15:52:20","slug":"angebot","status":"publish","type":"page","link":"https:\/\/doohvolution.de\/fr\/angebot","title":{"rendered":"Angebot"},"content":{"rendered":"<section class=\"wpb-content-wrapper\"><div class=\"vc_row wpb_row vc_row-fluid inner_container vc_custom_1694621718010 vc_row-has-fill\"><div class=\"wpb_column vc_column_container vc_col-sm-4\"><div class=\"vc_column-inner\"><div class=\"wpb_wrapper\">\n\t<div class=\"wpb_raw_code wpb_content_element wpb_raw_html\" >\n\t\t<div class=\"wpb_wrapper\">\n\t\t\t&amp;nbsp\n\t\t<\/div>\n\t<\/div>\n<\/div><\/div><\/div><div class=\"wpb_column vc_column_container vc_col-sm-4\"><div class=\"vc_column-inner\"><div class=\"wpb_wrapper\"><div class=\"vc_empty_space\"   style=\"height: 64px\"><span class=\"vc_empty_space_inner\"><\/span><\/div>\n\t<div class=\"wpb_text_column wpb_content_element\" >\n\t\t<div class=\"wpb_wrapper\">\n\t\t\t<h2 style=\"color: #7fc5cd; line-height: 150%; text-align: center;\">INT\u00c9RESS\u00c9(E) PAR DOOHVOLUTION ?<\/h2>\n<p style=\"text-align: center;\">Nous t'envoyons volontiers plus d'informations<br \/>\net une offre personnalis\u00e9e !<\/p>\n\n\t\t<\/div>\n\t<\/div>\n\n\t<div class=\"wpb_raw_code wpb_content_element wpb_raw_html\" >\n\t\t<div class=\"wpb_wrapper\">\n\t\t\t\n<div class=\"wpcf7 no-js\" id=\"wpcf7-f7070-o1\" lang=\"de-DE\" dir=\"ltr\" data-wpcf7-id=\"7070\">\n<div class=\"screen-reader-response\"><p role=\"status\" aria-live=\"polite\" aria-atomic=\"true\"><\/p> <ul><\/ul><\/div>\n<form action=\"\/fr\/wp-json\/wp\/v2\/pages\/7069#wpcf7-f7070-o1\" method=\"post\" class=\"wpcf7-form init\" aria-label=\"Formulaire de contact\" novalidate=\"novalidate\" data-status=\"init\" data-trp-original-action=\"\/fr\/wp-json\/wp\/v2\/pages\/7069#wpcf7-f7070-o1\">\n<div style=\"display: none;\">\n<input type=\"hidden\" name=\"_wpcf7\" value=\"7070\" \/>\n<input type=\"hidden\" name=\"_wpcf7_version\" value=\"6.0.3\" \/>\n<input type=\"hidden\" name=\"_wpcf7_locale\" value=\"de_DE\" \/>\n<input type=\"hidden\" name=\"_wpcf7_unit_tag\" value=\"wpcf7-f7070-o1\" \/>\n<input type=\"hidden\" name=\"_wpcf7_container_post\" value=\"0\" \/>\n<input type=\"hidden\" name=\"_wpcf7_posted_data_hash\" value=\"\" \/>\n<\/div>\n<div class=\"vc_col-sm-12\">\n\t<p><span class=\"wpcf7-form-control-wrap\" data-name=\"your-name\"><input size=\"40\" maxlength=\"400\" class=\"wpcf7-form-control wpcf7-text wpcf7-validates-as-required\" aria-required=\"true\" aria-invalid=\"false\" placeholder=\"Nom\" value=\"\" type=\"text\" name=\"your-name\" \/><\/span>\n\t<\/p>\n<\/div>\n<div class=\"vc_col-sm-12\">\n\t<p><span class=\"wpcf7-form-control-wrap\" data-name=\"your-company\"><input size=\"40\" maxlength=\"400\" class=\"wpcf7-form-control wpcf7-text wpcf7-validates-as-required\" aria-required=\"true\" aria-invalid=\"false\" placeholder=\"Soci\u00e9t\u00e9\" value=\"\" type=\"text\" name=\"your-company\" \/><\/span>\n\t<\/p>\n<\/div>\n<div class=\"vc_col-sm-12\">\n\t<p><span class=\"wpcf7-form-control-wrap\" data-name=\"your-email\"><input size=\"40\" maxlength=\"400\" class=\"wpcf7-form-control wpcf7-email wpcf7-validates-as-required wpcf7-text wpcf7-validates-as-email\" aria-required=\"true\" aria-invalid=\"false\" placeholder=\"Adresse e-mail\" value=\"\" type=\"email\" name=\"your-email\" \/><\/span>\n\t<\/p>\n<\/div>\n<div class=\"vc_col-sm-12\">\n\t<p><span class=\"wpcf7-form-control-wrap\" data-name=\"your-number\"><input size=\"40\" maxlength=\"400\" class=\"wpcf7-form-control wpcf7-text\" aria-invalid=\"false\" placeholder=\"Num\u00e9ro de t\u00e9l\u00e9phone (facultatif)\" value=\"\" type=\"text\" name=\"your-number\" \/><\/span>\n\t<\/p>\n<\/div>\n<div class=\"vc_col-sm-4\">\n\t<p>&nbsp;\n\t<\/p>\n<\/div>\n<div class=\"vc_col-sm-4 submit\">\n\t<p><input class=\"wpcf7-form-control wpcf7-submit has-spinner\" type=\"submit\" value=\"ENVOYER\" \/>\n\t<\/p>\n<\/div>\n<div class=\"vc_col-sm-4\">\n\t<p style=\"height:100px\">&nbsp;\n\t<\/p>\n<\/div>\n<p><span id=\"wpcf7-69e9db72ec2d6-wrapper\" class=\"wpcf7-form-control-wrap honeypotemailwebsite-wrap\" style=\"display:none !important; visibility:hidden !important;\"><label for=\"wpcf7-69e9db72ec2d6-field\" class=\"hp-message\">Veuillez laisser ce champ vide.<\/label><input id=\"wpcf7-69e9db72ec2d6-field\"  class=\"wpcf7-form-control wpcf7-text\" type=\"text\" name=\"honeypotemailwebsite\" value=\"\" size=\"40\" tabindex=\"-1\" autocomplete=\"new-password\" \/><\/span>\n<\/p><div class=\"wpcf7-response-output\" aria-hidden=\"true\"><\/div>\n<input type=\"hidden\" name=\"trp-form-language\" value=\"fr\"\/><\/form>\n<\/div>\n\n\t\t<\/div>\n\t<\/div>\n<\/div><\/div><\/div><div class=\"wpb_column vc_column_container vc_col-sm-4\"><div class=\"vc_column-inner\"><div class=\"wpb_wrapper\"><\/div><\/div><\/div><\/div>\n<\/section>","protected":false},"excerpt":{"rendered":"&nbsp INTERESSIERT AN DOOHVOLUTION? Wir senden Dir gerne mehr Informationen und ein individuelles Angebot zu! &nbsp; &nbsp; Bitte lasse dieses Feld leer.","protected":false},"author":1,"featured_media":0,"parent":0,"menu_order":0,"comment_status":"closed","ping_status":"closed","template":"template-blank-4.php","meta":{"footnotes":""},"class_list":["post-7069","page","type-page","status-publish","hentry","no-post-thumbnail"],"yoast_head":"<!-- This site is optimized with the Yoast SEO plugin v24.3 - https:\/\/yoast.com\/wordpress\/plugins\/seo\/ -->\n<title>Angebotsanfrage - DOOHVOLUTION<\/title>\n<meta name=\"robots\" content=\"index, follow, max-snippet:-1, max-image-preview:large, max-video-preview:-1\" \/>\n<link rel=\"canonical\" href=\"https:\/\/doohvolution.de\/fr\/angebot\" \/>\n<meta property=\"og:locale\" content=\"fr_FR\" \/>\n<meta property=\"og:type\" content=\"article\" \/>\n<meta property=\"og:title\" content=\"Angebotsanfrage - DOOHVOLUTION\" \/>\n<meta property=\"og:url\" content=\"https:\/\/doohvolution.de\/fr\/angebot\" \/>\n<meta property=\"og:site_name\" content=\"DOOHVOLUTION\" \/>\n<meta property=\"article:modified_time\" content=\"2023-09-19T15:52:20+00:00\" \/>\n<meta name=\"twitter:card\" content=\"summary_large_image\" \/>\n<meta name=\"twitter:label1\" content=\"Dur\u00e9e de lecture estim\u00e9e\" \/>\n\t<meta name=\"twitter:data1\" content=\"1 minute\" \/>\n<script type=\"application\/ld+json\" class=\"yoast-schema-graph\">{\"@context\":\"https:\/\/schema.org\",\"@graph\":[{\"@type\":\"WebPage\",\"@id\":\"https:\/\/doohvolution.de\/angebot\",\"url\":\"https:\/\/doohvolution.de\/angebot\",\"name\":\"Angebotsanfrage - DOOHVOLUTION\",\"isPartOf\":{\"@id\":\"https:\/\/doohvolution.de\/#website\"},\"datePublished\":\"2023-09-18T11:42:14+00:00\",\"dateModified\":\"2023-09-19T15:52:20+00:00\",\"inLanguage\":\"fr-FR\",\"potentialAction\":[{\"@type\":\"ReadAction\",\"target\":[\"https:\/\/doohvolution.de\/angebot\"]}]},{\"@type\":\"WebSite\",\"@id\":\"https:\/\/doohvolution.de\/#website\",\"url\":\"https:\/\/doohvolution.de\/\",\"name\":\"DOOHVOLUTION\",\"description\":\"DOOHVOLUTION\",\"potentialAction\":[{\"@type\":\"SearchAction\",\"target\":{\"@type\":\"EntryPoint\",\"urlTemplate\":\"https:\/\/doohvolution.de\/?s={search_term_string}\"},\"query-input\":{\"@type\":\"PropertyValueSpecification\",\"valueRequired\":true,\"valueName\":\"search_term_string\"}}],\"inLanguage\":\"fr-FR\"}]}<\/script>\n<!-- \/ Yoast SEO plugin. -->","yoast_head_json":{"title":"Angebotsanfrage - DOOHVOLUTION","robots":{"index":"index","follow":"follow","max-snippet":"max-snippet:-1","max-image-preview":"max-image-preview:large","max-video-preview":"max-video-preview:-1"},"canonical":"https:\/\/doohvolution.de\/fr\/angebot","og_locale":"fr_FR","og_type":"article","og_title":"Angebotsanfrage - DOOHVOLUTION","og_url":"https:\/\/doohvolution.de\/fr\/angebot","og_site_name":"DOOHVOLUTION","article_modified_time":"2023-09-19T15:52:20+00:00","twitter_card":"summary_large_image","twitter_misc":{"Dur\u00e9e de lecture estim\u00e9e":"1 minute"},"schema":{"@context":"https:\/\/schema.org","@graph":[{"@type":"WebPage","@id":"https:\/\/doohvolution.de\/angebot","url":"https:\/\/doohvolution.de\/angebot","name":"Angebotsanfrage - DOOHVOLUTION","isPartOf":{"@id":"https:\/\/doohvolution.de\/#website"},"datePublished":"2023-09-18T11:42:14+00:00","dateModified":"2023-09-19T15:52:20+00:00","inLanguage":"fr-FR","potentialAction":[{"@type":"ReadAction","target":["https:\/\/doohvolution.de\/angebot"]}]},{"@type":"WebSite","@id":"https:\/\/doohvolution.de\/#website","url":"https:\/\/doohvolution.de\/","name":"DOOHVOLUTION","description":"DOOHVOLUTION","potentialAction":[{"@type":"SearchAction","target":{"@type":"EntryPoint","urlTemplate":"https:\/\/doohvolution.de\/?s={search_term_string}"},"query-input":{"@type":"PropertyValueSpecification","valueRequired":true,"valueName":"search_term_string"}}],"inLanguage":"fr-FR"}]}},"post_mailing_queue_ids":[],"_links":{"self":[{"href":"https:\/\/doohvolution.de\/fr\/wp-json\/wp\/v2\/pages\/7069","targetHints":{"allow":["GET"]}}],"collection":[{"href":"https:\/\/doohvolution.de\/fr\/wp-json\/wp\/v2\/pages"}],"about":[{"href":"https:\/\/doohvolution.de\/fr\/wp-json\/wp\/v2\/types\/page"}],"author":[{"embeddable":true,"href":"https:\/\/doohvolution.de\/fr\/wp-json\/wp\/v2\/users\/1"}],"replies":[{"embeddable":true,"href":"https:\/\/doohvolution.de\/fr\/wp-json\/wp\/v2\/comments?post=7069"}],"version-history":[{"count":0,"href":"https:\/\/doohvolution.de\/fr\/wp-json\/wp\/v2\/pages\/7069\/revisions"}],"wp:attachment":[{"href":"https:\/\/doohvolution.de\/fr\/wp-json\/wp\/v2\/media?parent=7069"}],"curies":[{"name":"wp","href":"https:\/\/api.w.org\/{rel}","templated":true}]}}