{"id":7198,"date":"2024-02-21T13:10:43","date_gmt":"2024-02-21T13:10:43","guid":{"rendered":"https:\/\/doohvolution.de\/?page_id=7198"},"modified":"2024-04-11T14:43:15","modified_gmt":"2024-04-11T14:43:15","slug":"bestellformular_regional_pakete","status":"publish","type":"page","link":"https:\/\/doohvolution.de\/es\/bestellformular_regional_pakete","title":{"rendered":"Bestellformular Regional-Pakete"},"content":{"rendered":"<section class=\"wpb-content-wrapper\"><div class=\"vc_row wpb_row vc_row-fluid inner_container desktop-visible cneo-head vc_custom_1712846594197 vc_row-has-fill vc_rtl-columns-reverse vc_row-o-content-middle vc_row-flex\"><div class=\"wpb_column vc_column_container vc_col-sm-3\/5\"><div class=\"vc_column-inner vc_custom_1688291728146\"><div class=\"wpb_wrapper\">\n\t<div class=\"wpb_text_column wpb_content_element\" >\n\t\t<div class=\"wpb_wrapper\">\n\t\t\t\n\t\t<\/div>\n\t<\/div>\n<\/div><\/div><\/div><\/div><div class=\"vc_row wpb_row vc_row-fluid mobile-invisible cneo-head\"><div class=\"wpb_column vc_column_container vc_col-sm-12\"><div class=\"vc_column-inner\"><div class=\"wpb_wrapper\">\n\t<div  class=\"wpb_single_image wpb_content_element vc_align_left\">\n\t\t\n\t\t<figure class=\"wpb_wrapper vc_figure\">\n\t\t\t<div class=\"vc_single_image-wrapper   vc_box_border_grey\"><img loading=\"lazy\" decoding=\"async\" width=\"800\" height=\"600\" src=\"https:\/\/doohvolution.de\/wp-content\/uploads\/header_14_800_600.jpg\" class=\"vc_single_image-img attachment-full\" alt=\"\" title=\"doohvolution_clientes_el_uno\" srcset=\"https:\/\/doohvolution.de\/wp-content\/uploads\/header_14_800_600.jpg 800w, https:\/\/doohvolution.de\/wp-content\/uploads\/header_14_800_600-300x225.jpg 300w, https:\/\/doohvolution.de\/wp-content\/uploads\/header_14_800_600-768x576.jpg 768w, https:\/\/doohvolution.de\/wp-content\/uploads\/header_14_800_600-16x12.jpg 16w, https:\/\/doohvolution.de\/wp-content\/uploads\/header_14_800_600-100x75.jpg 100w\" sizes=\"auto, (max-width: 800px) 100vw, 800px\" \/><\/div>\n\t\t<\/figure>\n\t<\/div>\n<\/div><\/div><\/div><\/div><div class=\"vc_row wpb_row vc_row-fluid inner_container vc_custom_1688402600947 vc_row-has-fill vc_row-o-content-middle vc_row-flex\"><div class=\"inner_container_fixed wpb_column vc_column_container vc_col-sm-12\"><div class=\"vc_column-inner\"><div class=\"wpb_wrapper\">\n\t<div class=\"wpb_text_column wpb_content_element  inner_container_fixed\" >\n\t\t<div class=\"wpb_wrapper\">\n\t\t\t<h1 style=\"color: #7fc5cd; line-height: 150%; text-align: center;\">BESTELLFORMULAR<\/h1>\n<h2 style=\"color: #7fc5cd; line-height: 150%; text-align: center;\">DOOHVOLUTION REGIONAL PAKETE<\/h2>\n<p style=\"color: #7fc5cd; line-height: 150%; text-align: center;\">Bitte f\u00fcllen Sie das nachstehende Buchungsformular aus und schicken es an uns ab.<\/p>\n\n\t\t<\/div>\n\t<\/div>\n<\/div><\/div><\/div><\/div><div class=\"vc_row wpb_row vc_row-fluid inner_container vc_custom_1708521089656 vc_row-has-fill vc_row-o-content-middle vc_row-flex\"><div class=\"wpb_column vc_column_container vc_col-sm-12\"><div class=\"vc_column-inner\"><div class=\"wpb_wrapper\"><div class=\"vc_row wpb_row vc_inner vc_row-fluid\"><div class=\"wpb_column vc_column_container vc_col-sm-4\"><div class=\"vc_column-inner\"><div class=\"wpb_wrapper\">\n\t<div class=\"wpb_raw_code wpb_content_element wpb_raw_html\" >\n\t\t<div class=\"wpb_wrapper\">\n\t\t\t&amp;nbsp\n\t\t<\/div>\n\t<\/div>\n<\/div><\/div><\/div><div class=\"wpb_column vc_column_container vc_col-sm-4\"><div class=\"vc_column-inner\"><div class=\"wpb_wrapper\">\n\t<div class=\"wpb_raw_code wpb_content_element wpb_raw_html\" >\n\t\t<div class=\"wpb_wrapper\">\n\t\t\t\n<div class=\"wpcf7 no-js\" id=\"wpcf7-f6842-o1\" lang=\"de-DE\" dir=\"ltr\" data-wpcf7-id=\"6842\">\n<div class=\"screen-reader-response\"><p role=\"status\" aria-live=\"polite\" aria-atomic=\"true\"><\/p> <ul><\/ul><\/div>\n<form action=\"\/es\/wp-json\/wp\/v2\/pages\/7198#wpcf7-f6842-o1\" method=\"post\" class=\"wpcf7-form init\" aria-label=\"Kontaktformular\" enctype=\"multipart\/form-data\" novalidate=\"novalidate\" data-status=\"init\" data-trp-original-action=\"\/es\/wp-json\/wp\/v2\/pages\/7198#wpcf7-f6842-o1\">\n<div style=\"display: none;\">\n<input type=\"hidden\" name=\"_wpcf7\" value=\"6842\" \/>\n<input type=\"hidden\" name=\"_wpcf7_version\" value=\"6.0.3\" \/>\n<input type=\"hidden\" name=\"_wpcf7_locale\" value=\"de_DE\" \/>\n<input type=\"hidden\" name=\"_wpcf7_unit_tag\" value=\"wpcf7-f6842-o1\" \/>\n<input type=\"hidden\" name=\"_wpcf7_container_post\" value=\"0\" \/>\n<input type=\"hidden\" name=\"_wpcf7_posted_data_hash\" value=\"\" \/>\n<\/div>\n<p><strong>Hiermit bestelle ich verbindlich folgendes Paket:<\/strong>\n<\/p>\n<p>______________________________________________________\n<\/p>\n<p><strong>Bitte eines der folgenden Pakete ausw\u00e4hlen (Pflichtfeld)<\/strong>\n<\/p>\n<p><span class=\"wpcf7-form-control-wrap\" data-name=\"checkbox-764\"><span class=\"wpcf7-form-control wpcf7-checkbox\"><span class=\"wpcf7-list-item first last\"><label><input type=\"checkbox\" name=\"checkbox-764[]\" value=\"REGIO PLUS\" \/><span class=\"wpcf7-list-item-label\">REGIO PLUS<\/span><\/label><\/span><\/span><\/span>\n<\/p>\n<p style=\"margin-top: -20px; margin-bottom: 40px;\"><br \/>\n<img decoding=\"async\" src=\"https:\/\/doohvolution.de\/wp-content\/uploads\/bestellung_4_tage.jpg\" \/>\n<\/p>\n<p><span class=\"wpcf7-form-control-wrap\" data-name=\"checkbox-644\"><span class=\"wpcf7-form-control wpcf7-checkbox\"><span class=\"wpcf7-list-item first last\"><label><input type=\"checkbox\" name=\"checkbox-644[]\" value=\"REGIO PREMIUM\" \/><span class=\"wpcf7-list-item-label\">REGIO PREMIUM<\/span><\/label><\/span><\/span><\/span>\n<\/p>\n<p style=\"margin-top: -20px;\"><br \/>\n<img decoding=\"async\" src=\"https:\/\/doohvolution.de\/wp-content\/uploads\/bestellung_7_tage.jpg\" \/>\n<\/p>\n<p>______________________________________________________\n<\/p>\n<p><strong style=\"display: block; margin-bottom: -10px;\">Bitte gew\u00fcnschte Stadt ausw\u00e4hlen (Pflichtfeld)<\/strong><br \/>\n<span class=\"wpcf7-form-control-wrap\" data-name=\"menu-539\"><select class=\"wpcf7-form-control wpcf7-select\" aria-invalid=\"false\" name=\"menu-539\"><option value=\"Berlin\">Berl\u00edn<\/option><option value=\"Hamburg\">Hamburgo<\/option><option value=\"M\u00fcnchen\">M\u00fanich<\/option><option value=\"Frankfurt\">Fr\u00e1ncfort<\/option><option value=\"K\u00f6ln\">K\u00f6ln<\/option><option value=\"D\u00fcsseldorf\">D\u00fcsseldorf<\/option><\/select><\/span>\n<\/p>\n<p>______________________________________________________\n<\/p>\n<p><label><\/label>\n<\/p>\n<p style=\"color: #7fc5cd; line-height: 100%; text-align: left;\"><strong>Gew\u00fcnschtes Startdatum (Pflichtfeld)<\/strong>\n<\/p>\n<p><span class=\"wpcf7-form-control-wrap\" data-name=\"your-subject\"><input size=\"40\" maxlength=\"400\" class=\"wpcf7-form-control wpcf7-text\" aria-invalid=\"false\" value=\"\" type=\"text\" name=\"your-subject\" \/><\/span>\n<\/p>\n<p>______________________________________________________\n<\/p>\n<p><strong>Ihre pers\u00f6nlichen Daten:<\/strong>\n<\/p>\n<p><label><\/label>\n<\/p>\n<p style=\"color: #7fc5cd; line-height: 100%; text-align: left;\">Deine Firma (Pflichtfeld)\n<\/p>\n<p><span class=\"wpcf7-form-control-wrap\" data-name=\"your-company\"><input size=\"40\" maxlength=\"400\" class=\"wpcf7-form-control wpcf7-text wpcf7-validates-as-required\" aria-required=\"true\" aria-invalid=\"false\" value=\"\" type=\"text\" name=\"your-company\" \/><\/span><br \/>\n<label><\/label>\n<\/p>\n<p style=\"color: #7fc5cd; line-height: 100%; text-align: left;\">Dein Name (Pflichtfeld)\n<\/p>\n<p><span class=\"wpcf7-form-control-wrap\" data-name=\"your-name\"><input size=\"40\" maxlength=\"400\" class=\"wpcf7-form-control wpcf7-text wpcf7-validates-as-required\" aria-required=\"true\" aria-invalid=\"false\" value=\"\" type=\"text\" name=\"your-name\" \/><\/span><br \/>\n<label><\/label>\n<\/p>\n<p style=\"color: #7fc5cd; line-height: 100%; text-align: left;\">Deine E-Mail-Adresse (Pflichtfeld)\n<\/p>\n<p><span class=\"wpcf7-form-control-wrap\" data-name=\"your-email\"><input size=\"40\" maxlength=\"400\" class=\"wpcf7-form-control wpcf7-email wpcf7-validates-as-required wpcf7-text wpcf7-validates-as-email\" aria-required=\"true\" aria-invalid=\"false\" value=\"\" type=\"email\" name=\"your-email\" \/><\/span><br \/>\n<label><\/label>\n<\/p>\n<p style=\"color: #7fc5cd; line-height: 100%; text-align: left;\">Calle y n\u00famero (campo obligatorio)\n<\/p>\n<p><span class=\"wpcf7-form-control-wrap\" data-name=\"your-street\"><input size=\"40\" maxlength=\"400\" class=\"wpcf7-form-control wpcf7-text wpcf7-validates-as-required\" aria-required=\"true\" aria-invalid=\"false\" value=\"\" type=\"text\" name=\"your-street\" \/><\/span><br \/>\n<label><\/label>\n<\/p>\n<p style=\"color: #7fc5cd; line-height: 100%; text-align: left;\">PLZ und Ort (Pflichtfeld)\n<\/p>\n<p><span class=\"wpcf7-form-control-wrap\" data-name=\"your-zip\"><input size=\"40\" maxlength=\"400\" class=\"wpcf7-form-control wpcf7-text wpcf7-validates-as-required\" aria-required=\"true\" aria-invalid=\"false\" value=\"\" type=\"text\" name=\"your-zip\" \/><\/span>\n<\/p>\n<p>Die Werbeinhalte sind vom Kunden im vorgegebenen Format und der vorgegebenen Qualit\u00e4t mindestens 4 Werktage vor Ausstrahlung an MMR zu liefern. Die Kosten f\u00fcr die Produktion des Werbemittels tr\u00e4gt der Kunde. Der Kunde hat MMR die Werbemittel verbindlich zur vertragsgem\u00e4\u00dfen \u00f6ffentlichen Wiedergabe zur Verf\u00fcgung zu stellen. Die MMR \u00fcbermittelten Werbemittel werden erst Vertragsinhalt, wenn diese von MMR nach unverbindlicher Pr\u00fcfung freigegeben wurden. Es gelten die AGB der MMR Media GmbH (https:\/\/www.mmr-media.de\/media\/agb\/).\n<\/p>\n<p>______________________________________________________\n<\/p>\n<p><strong>Bitte lade Deinen Werbeinhalt als jpg-Datei hoch.<\/strong>\n<\/p>\n<p>Folgende Informationen hierzu:\n<\/p>\n<p><strong>Aufl\u00f6sung:<\/strong> 1920 x 1080px FULL HD\n<\/p>\n<p><strong>Format:<\/strong> JPG\n<\/p>\n<p><strong>L\u00e4nge der Werbung:<\/strong> 10 segundos\n<\/p>\n<p><strong>Schriftgr\u00f6\u00dfen:<\/strong> F\u00fcr Headlines empfehlen wir mindestens 36 pt, Sublines und pr\u00e4gnante Werbeaussagen sollten nicht kleiner als 30 pt sein. Rechtliche Vorgaben k\u00f6nnen in 16 pt gesetzt werden.\n<\/p>\n<p><strong>Farben:<\/strong> Da die Werbeinhalte mittels eines Projektors auf die Scheibe projiziert werden eignen sich kontrastreiche Motive am Besten. Sehr helle Inhalte k\u00f6nnen unter Umst\u00e4nden \u00fcberstrahlen.\n<\/p>\n<p><a class=\"link\" href=\"https:\/\/doohvolution.de\/media\/DOOHVOLUTION_RegioPakete_2024.pdf\"target=\"_blank\"><strong>|-> Download weiterf\u00fchrende Infos zu den Mediainhalten als pdf |<\/strong><\/a>\n<\/p>\n<p><a class=\"link\" href=\"https:\/\/doohvolution.de\/media\/DOOHVOLUTION_Content-Template.zip\"target=\"_blank\"><strong>|-> Download von Spezifikationen und Vorlagen als zip-Datei |<\/strong><\/a>\n<\/p>\n<p>______________________________________________________\n<\/p>\n<p><strong>Dateiupload:<\/strong>\n<\/p>\n<p>Upload Ihrer Mediendatei (Format: JPG, max. 20 MB):\n<\/p>\n<p><span class=\"wpcf7-form-control-wrap\" data-name=\"file-129\"><input size=\"40\" class=\"wpcf7-form-control wpcf7-file\" accept=\".jpg\" aria-invalid=\"false\" type=\"file\" name=\"file-129\" \/><\/span>\n<\/p>\n<p>______________________________________________________\n<\/p>\n<p style=\"color: #7fc5cd; line-height: 140%; text-align: left;\"><strong>Du erh\u00e4ltst eine separate Mail mit den von Dir eingegebenen Daten sowie eine separate Auftragsbest\u00e4tigung per E-Mail an Deine angegebene E-Mail-Adresse.<\/strong>\n<\/p>\n<p><input class=\"wpcf7-form-control wpcf7-submit has-spinner\" type=\"submit\" value=\"Bestellung absenden\" \/>\n<\/p>\n<p><span id=\"wpcf7-69eb4a4dc8098-wrapper\" class=\"wpcf7-form-control-wrap honeypotemailwebsite-wrap\" style=\"display:none !important; visibility:hidden !important;\"><label for=\"wpcf7-69eb4a4dc8098-field\" class=\"hp-message\">Bitte lasse dieses Feld leer.<\/label><input id=\"wpcf7-69eb4a4dc8098-field\"  class=\"wpcf7-form-control wpcf7-text\" type=\"text\" name=\"honeypotemailwebsite\" value=\"\" size=\"40\" tabindex=\"-1\" autocomplete=\"new-password\" \/><\/span>\n<\/p><div class=\"wpcf7-response-output\" aria-hidden=\"true\"><\/div>\n<input type=\"hidden\" name=\"trp-form-language\" value=\"es\"\/><\/form>\n<\/div>\n\n\t\t<\/div>\n\t<\/div>\n<\/div><\/div><\/div><div class=\"wpb_column vc_column_container vc_col-sm-4\"><div class=\"vc_column-inner\"><div class=\"wpb_wrapper\"><\/div><\/div><\/div><\/div><\/div><\/div><\/div><\/div>\n<\/section>","protected":false},"excerpt":{"rendered":"BESTELLFORMULAR DOOHVOLUTION REGIONAL PAKETE Bitte f\u00fcllen Sie das nachstehende Buchungsformular aus und schicken es an uns ab. &nbsp Hiermit bestelle ich verbindlich folgendes Paket: ______________________________________________________ Bitte eines der folgenden Pakete ausw\u00e4hlen (Pflichtfeld) REGIO PLUS REGIO PREMIUM ______________________________________________________ Bitte gew\u00fcnschte Stadt ausw\u00e4hlen (Pflichtfeld) BerlinHamburgM\u00fcnchenFrankfurtK\u00f6lnD\u00fcsseldorf ______________________________________________________ Gew\u00fcnschtes Startdatum (Pflichtfeld) ______________________________________________________ Ihre pers\u00f6nlichen Daten: Deine Firma (Pflichtfeld) Dein Name (Pflichtfeld) Deine E-Mail-Adresse (Pflichtfeld) ... <a href=\"https:\/\/doohvolution.de\/es\/bestellformular_regional_pakete\" class=\"more-link\">Read More<\/a>","protected":false},"author":1,"featured_media":0,"parent":0,"menu_order":0,"comment_status":"closed","ping_status":"closed","template":"template-blank-4.php","meta":{"footnotes":""},"class_list":["post-7198","page","type-page","status-publish","hentry","no-post-thumbnail"],"yoast_head":"<!-- This site is optimized with the Yoast SEO plugin v24.3 - https:\/\/yoast.com\/wordpress\/plugins\/seo\/ -->\n<title>Bestellformular Regional-Pakete - DOOHVOLUTION<\/title>\n<meta name=\"description\" content=\"Bestellformular Regional-Pakete\" \/>\n<meta name=\"robots\" content=\"index, follow, max-snippet:-1, max-image-preview:large, max-video-preview:-1\" \/>\n<link rel=\"canonical\" href=\"https:\/\/doohvolution.de\/es\/bestellformular_regional_pakete\" \/>\n<meta property=\"og:locale\" content=\"es_ES\" \/>\n<meta property=\"og:type\" content=\"article\" \/>\n<meta property=\"og:title\" content=\"Bestellformular Regional-Pakete - DOOHVOLUTION\" \/>\n<meta property=\"og:description\" content=\"Bestellformular Regional-Pakete\" \/>\n<meta property=\"og:url\" content=\"https:\/\/doohvolution.de\/es\/bestellformular_regional_pakete\" \/>\n<meta property=\"og:site_name\" content=\"DOOHVOLUTION\" \/>\n<meta property=\"article:modified_time\" content=\"2024-04-11T14:43:15+00:00\" \/>\n<meta name=\"twitter:card\" content=\"summary_large_image\" \/>\n<meta name=\"twitter:label1\" content=\"Tiempo de lectura\" \/>\n\t<meta name=\"twitter:data1\" content=\"1 minuto\" \/>\n<script type=\"application\/ld+json\" class=\"yoast-schema-graph\">{\"@context\":\"https:\/\/schema.org\",\"@graph\":[{\"@type\":\"WebPage\",\"@id\":\"https:\/\/doohvolution.de\/bestellformular_regional_pakete\",\"url\":\"https:\/\/doohvolution.de\/bestellformular_regional_pakete\",\"name\":\"Bestellformular Regional-Pakete - DOOHVOLUTION\",\"isPartOf\":{\"@id\":\"https:\/\/doohvolution.de\/#website\"},\"datePublished\":\"2024-02-21T13:10:43+00:00\",\"dateModified\":\"2024-04-11T14:43:15+00:00\",\"description\":\"Bestellformular Regional-Pakete\",\"inLanguage\":\"es\",\"potentialAction\":[{\"@type\":\"ReadAction\",\"target\":[\"https:\/\/doohvolution.de\/bestellformular_regional_pakete\"]}]},{\"@type\":\"WebSite\",\"@id\":\"https:\/\/doohvolution.de\/#website\",\"url\":\"https:\/\/doohvolution.de\/\",\"name\":\"DOOHVOLUTION\",\"description\":\"DOOHVOLUTION\",\"potentialAction\":[{\"@type\":\"SearchAction\",\"target\":{\"@type\":\"EntryPoint\",\"urlTemplate\":\"https:\/\/doohvolution.de\/?s={search_term_string}\"},\"query-input\":{\"@type\":\"PropertyValueSpecification\",\"valueRequired\":true,\"valueName\":\"search_term_string\"}}],\"inLanguage\":\"es\"}]}<\/script>\n<!-- \/ Yoast SEO plugin. -->","yoast_head_json":{"title":"Bestellformular Regional-Pakete - DOOHVOLUTION","description":"Bestellformular Regional-Pakete","robots":{"index":"index","follow":"follow","max-snippet":"max-snippet:-1","max-image-preview":"max-image-preview:large","max-video-preview":"max-video-preview:-1"},"canonical":"https:\/\/doohvolution.de\/es\/bestellformular_regional_pakete","og_locale":"es_ES","og_type":"article","og_title":"Bestellformular Regional-Pakete - DOOHVOLUTION","og_description":"Bestellformular Regional-Pakete","og_url":"https:\/\/doohvolution.de\/es\/bestellformular_regional_pakete","og_site_name":"DOOHVOLUTION","article_modified_time":"2024-04-11T14:43:15+00:00","twitter_card":"summary_large_image","twitter_misc":{"Tiempo de lectura":"1 minuto"},"schema":{"@context":"https:\/\/schema.org","@graph":[{"@type":"WebPage","@id":"https:\/\/doohvolution.de\/bestellformular_regional_pakete","url":"https:\/\/doohvolution.de\/bestellformular_regional_pakete","name":"Bestellformular Regional-Pakete - DOOHVOLUTION","isPartOf":{"@id":"https:\/\/doohvolution.de\/#website"},"datePublished":"2024-02-21T13:10:43+00:00","dateModified":"2024-04-11T14:43:15+00:00","description":"Bestellformular Regional-Pakete","inLanguage":"es","potentialAction":[{"@type":"ReadAction","target":["https:\/\/doohvolution.de\/bestellformular_regional_pakete"]}]},{"@type":"WebSite","@id":"https:\/\/doohvolution.de\/#website","url":"https:\/\/doohvolution.de\/","name":"DOOHVOLUTION","description":"DOOHVOLUTION","potentialAction":[{"@type":"SearchAction","target":{"@type":"EntryPoint","urlTemplate":"https:\/\/doohvolution.de\/?s={search_term_string}"},"query-input":{"@type":"PropertyValueSpecification","valueRequired":true,"valueName":"search_term_string"}}],"inLanguage":"es"}]}},"post_mailing_queue_ids":[],"_links":{"self":[{"href":"https:\/\/doohvolution.de\/es\/wp-json\/wp\/v2\/pages\/7198","targetHints":{"allow":["GET"]}}],"collection":[{"href":"https:\/\/doohvolution.de\/es\/wp-json\/wp\/v2\/pages"}],"about":[{"href":"https:\/\/doohvolution.de\/es\/wp-json\/wp\/v2\/types\/page"}],"author":[{"embeddable":true,"href":"https:\/\/doohvolution.de\/es\/wp-json\/wp\/v2\/users\/1"}],"replies":[{"embeddable":true,"href":"https:\/\/doohvolution.de\/es\/wp-json\/wp\/v2\/comments?post=7198"}],"version-history":[{"count":0,"href":"https:\/\/doohvolution.de\/es\/wp-json\/wp\/v2\/pages\/7198\/revisions"}],"wp:attachment":[{"href":"https:\/\/doohvolution.de\/es\/wp-json\/wp\/v2\/media?parent=7198"}],"curies":[{"name":"wp","href":"https:\/\/api.w.org\/{rel}","templated":true}]}}