{"id":2947,"date":"2020-03-12T16:55:12","date_gmt":"2020-03-12T16:55:12","guid":{"rendered":"https:\/\/doohvolution.de\/?page_id=2947"},"modified":"2024-04-11T14:45:41","modified_gmt":"2024-04-11T14:45:41","slug":"impressum","status":"publish","type":"page","link":"https:\/\/doohvolution.de\/es\/impressum","title":{"rendered":"Pie de imprenta"},"content":{"rendered":"<section class=\"wpb-content-wrapper\"><div class=\"vc_row wpb_row vc_row-fluid inner_container desktop-visible cneo-head vc_custom_1712846740180 vc_row-has-fill vc_rtl-columns-reverse vc_row-o-content-middle vc_row-flex\"><div class=\"wpb_column vc_column_container vc_col-sm-3\/5\"><div class=\"vc_column-inner vc_custom_1581831845353\"><div class=\"wpb_wrapper\">\n\t<div class=\"wpb_text_column wpb_content_element\" >\n\t\t<div class=\"wpb_wrapper\">\n\t\t\t\n\t\t<\/div>\n\t<\/div>\n<\/div><\/div><\/div><\/div><div class=\"vc_row wpb_row vc_row-fluid mobile-invisible cneo-head\"><div class=\"wpb_column vc_column_container vc_col-sm-12\"><div class=\"vc_column-inner\"><div class=\"wpb_wrapper\">\n\t<div  class=\"wpb_single_image wpb_content_element vc_align_left\">\n\t\t\n\t\t<figure class=\"wpb_wrapper vc_figure\">\n\t\t\t<div class=\"vc_single_image-wrapper   vc_box_border_grey\"><img loading=\"lazy\" decoding=\"async\" width=\"800\" height=\"600\" src=\"https:\/\/doohvolution.de\/wp-content\/uploads\/header_14_800_600.jpg\" class=\"vc_single_image-img attachment-full\" alt=\"\" title=\"doohvolution_clientes_el_uno\" srcset=\"https:\/\/doohvolution.de\/wp-content\/uploads\/header_14_800_600.jpg 800w, https:\/\/doohvolution.de\/wp-content\/uploads\/header_14_800_600-300x225.jpg 300w, https:\/\/doohvolution.de\/wp-content\/uploads\/header_14_800_600-768x576.jpg 768w, https:\/\/doohvolution.de\/wp-content\/uploads\/header_14_800_600-16x12.jpg 16w, https:\/\/doohvolution.de\/wp-content\/uploads\/header_14_800_600-100x75.jpg 100w\" sizes=\"auto, (max-width: 800px) 100vw, 800px\" \/><\/div>\n\t\t<\/figure>\n\t<\/div>\n<\/div><\/div><\/div><\/div><div class=\"vc_row wpb_row vc_row-fluid inner_container_fixed vc_custom_1584032465510 vc_row-has-fill\"><div class=\"wpb_column vc_column_container vc_col-sm-12\"><div class=\"vc_column-inner\"><div class=\"wpb_wrapper\">\n\t<div class=\"wpb_text_column wpb_content_element\" >\n\t\t<div class=\"wpb_wrapper\">\n\t\t\t<h1 style=\"text-align: center;\">IMPRIMIR<\/h1>\n<p>DOOHVOLUTION es un proyecto de:<\/p>\n<h6><a href=\"https:\/\/www.mmr-media.de\/\" target=\"_blank\" rel=\"noopener\"><img loading=\"lazy\" decoding=\"async\" class=\"alignnone wp-image-6953 size-full\" src=\"https:\/\/doohvolution.de\/wp-content\/uploads\/logo_mmr_klein.png\" alt=\"\" width=\"88\" height=\"66\" srcset=\"https:\/\/doohvolution.de\/wp-content\/uploads\/logo_mmr_klein.png 88w, https:\/\/doohvolution.de\/wp-content\/uploads\/logo_mmr_klein-16x12.png 16w\" sizes=\"auto, (max-width: 88px) 100vw, 88px\" \/><\/a>\u00a0 \u00a0 <small>&amp;<\/small> \u00a0 <a href=\"https:\/\/www.the-screenery.com\/\" target=\"_blank\" rel=\"noopener\"><img loading=\"lazy\" decoding=\"async\" class=\"alignnone size-full wp-image-6954\" src=\"https:\/\/doohvolution.de\/wp-content\/uploads\/logo_screenery_klein.png\" alt=\"\" width=\"82\" height=\"66\" srcset=\"https:\/\/doohvolution.de\/wp-content\/uploads\/logo_screenery_klein.png 82w, https:\/\/doohvolution.de\/wp-content\/uploads\/logo_screenery_klein-15x12.png 15w\" sizes=\"auto, (max-width: 82px) 100vw, 82px\" \/><\/a><\/h6>\n<p>&nbsp;<\/p>\n<p>DIVULGACIONES CONFORME AL \u00a7 5 TMG:<\/p>\n<p><strong>MMR Media GmbH<\/strong><br \/>\nZollstockg\u00fcrtel 65 \/ Casa 5<br \/>\n50969 Colonia<\/p>\n<p>HRB 87527<br \/>\nCIF: DE306206463<\/p>\n<p>Representado por<br \/>\n<strong>Rafael Koll<\/strong><\/p>\n<p>Contacto:<\/p>\n<p>Tel\u00e9fono:\u00a0<a href=\"tel:022158922225\">+49 221 - 589 222 25<\/a><br \/>\nFax:\u00a0<a href=\"tel:022158922227\">+49 221 - 589 222 27<\/a><br \/>\nCorreo electr\u00f3nico:\u00a0<a href=\"mailto:info@mmr-media.de\">info@mmr-media.de<\/a><\/p>\n<h2>Aviso legal<\/h2>\n<p>&nbsp;<\/p>\n<h2>1. limitaci\u00f3n de responsabilidad<\/h2>\n<p>Los contenidos de este sitio web han sido elaborados con el m\u00e1ximo cuidado y seg\u00fan nuestro leal saber y entender. No obstante, el proveedor de este sitio web no asume ninguna responsabilidad por la actualidad, integridad y exactitud de las p\u00e1ginas y contenidos facilitados.<\/p>\n<p>Como proveedor de servicios, el proveedor de este sitio web es responsable de sus propios contenidos y de la informaci\u00f3n facilitada en estas p\u00e1ginas de acuerdo con la legislaci\u00f3n general seg\u00fan el art\u00edculo 7 (1) de la Ley alemana de Telemedios (TMG); sin embargo, de acuerdo con los art\u00edculos 8 a 10 de la TMG, no est\u00e1 obligado a supervisar la informaci\u00f3n ajena transmitida o almacenada. La retirada o el bloqueo de dichos contenidos tendr\u00e1 lugar inmediatamente a partir del momento en que se tenga conocimiento de una infracci\u00f3n concreta de la ley. La responsabilidad s\u00f3lo es posible desde el momento del conocimiento.<\/p>\n<h2>2. enlaces externos<\/h2>\n<p>El sitio web contiene los denominados \"enlaces externos\" a otros sitios web sobre cuyo contenido el proveedor del sitio web no tiene ninguna influencia. Por este motivo, el proveedor no puede asumir ninguna responsabilidad por estos contenidos.<\/p>\n<p>El respectivo proveedor del sitio web enlazado es responsable del contenido y la exactitud de la informaci\u00f3n facilitada. En el momento de establecer el enlace, no se constat\u00f3 ninguna infracci\u00f3n legal. Si se tiene conocimiento de una infracci\u00f3n de este tipo, el enlace se eliminar\u00e1 inmediatamente.<\/p>\n<h2>3. legislaci\u00f3n sobre derechos de autor y protecci\u00f3n de espect\u00e1culos<\/h2>\n<p>El contenido, las obras y la informaci\u00f3n facilitados en este sitio web est\u00e1n sujetos a la legislaci\u00f3n alemana sobre derechos de autor y derechos conexos. Cualquier tipo de reproducci\u00f3n, edici\u00f3n, distribuci\u00f3n, almacenamiento y cualquier tipo de explotaci\u00f3n fuera de los l\u00edmites de la ley de derechos de autor requiere el consentimiento previo por escrito del respectivo titular de los derechos de autor. La copia\/almacenamiento no autorizado de la informaci\u00f3n proporcionada en estas p\u00e1ginas web no est\u00e1 permitido y es punible por ley.<\/p>\n<h2>4. datos de contacto<\/h2>\n<p>Queda expresamente prohibido el uso de los datos de contacto por parte de terceros con fines comerciales. A menos que el proveedor haya dado su consentimiento previo por escrito.<\/p>\n<p>El proveedor se reserva el derecho de emprender acciones legales en caso de env\u00edo no solicitado de informaci\u00f3n publicitaria, por ejemplo, a trav\u00e9s de correos spam.<\/p>\n<h2>5. cr\u00e9ditos de las im\u00e1genes<\/h2>\n<p>MMR-Media GmbH; screenery GmbH;<\/p>\n<p>Imagen de <a href=\"https:\/\/www.freepik.com\/free-photo\/abstract-laser-effect-horizontal-background_18845514.htm#page=2&amp;query=technology%20light&amp;position=39&amp;from_view=search&amp;track=ais\" target=\"_blank\" rel=\"noopener\">Freepik<\/a><\/p>\n<p>Imagen de <a href=\"https:\/\/www.freepik.com\/free-photo\/abstract-laser-effect-horizontal-background_18845514.htm#page=2&amp;query=technology%20light&amp;position=39&amp;from_view=search&amp;track=ais\" target=\"_blank\" rel=\"noopener\">Freepik<\/a><\/p>\n<p>Iconos de <a href=\"https:\/\/de.freepik.com\/\" target=\"_blank\" rel=\"noopener\">Freepik<\/a><\/p>\n\n\t\t<\/div>\n\t<\/div>\n<\/div><\/div><\/div><\/div>\n<\/section>","protected":false},"excerpt":{"rendered":"IMPRESSUM DOOHVOLUTION ist ein Projekt von: \u00a0 \u00a0 &amp; \u00a0 &nbsp; ANGABEN GEM\u00c4SS \u00a7 5 TMG: MMR Media GmbH Zollstockg\u00fcrtel 65 \/ Haus 5 50969 K\u00f6ln HRB 87527 USt-IdNr.: DE306206463 Vertreten durch Raphael Koll Kontakt: Telefon:\u00a0+49 221 \u2013 589 222 25 Telefax:\u00a0+49 221 \u2013 589 222 27 E-Mail:\u00a0info@mmr-media.de Disclaimer \u2013 rechtliche Hinweise &nbsp; 1. Haftungsbeschr\u00e4nkung Die Inhalte des Internetauftritts wurden ... <a href=\"https:\/\/doohvolution.de\/es\/impressum\" class=\"more-link\">Read More<\/a>","protected":false},"author":1,"featured_media":6305,"parent":0,"menu_order":0,"comment_status":"closed","ping_status":"closed","template":"template-blank-4.php","meta":{"footnotes":""},"class_list":["post-2947","page","type-page","status-publish","has-post-thumbnail","hentry"],"yoast_head":"<!-- This site is optimized with the Yoast SEO plugin v24.3 - https:\/\/yoast.com\/wordpress\/plugins\/seo\/ -->\n<title>Impressum - DOOHVOLUTION<\/title>\n<meta name=\"description\" content=\"Consulting, Beratung, Digitalisierung, IT, Corporate Identitiy, Digitalisierung, DMS, Projektmanagement, Interim Management und M&amp;A in Bonn\" \/>\n<meta name=\"robots\" content=\"index, follow, max-snippet:-1, max-image-preview:large, max-video-preview:-1\" \/>\n<link rel=\"canonical\" href=\"https:\/\/doohvolution.de\/es\/impressum\" \/>\n<meta property=\"og:locale\" content=\"es_ES\" \/>\n<meta property=\"og:type\" content=\"article\" \/>\n<meta property=\"og:title\" content=\"Impressum - DOOHVOLUTION\" \/>\n<meta property=\"og:description\" content=\"Consulting, Beratung, Digitalisierung, IT, Corporate Identitiy, Digitalisierung, DMS, Projektmanagement, Interim Management und M&amp;A in Bonn\" \/>\n<meta property=\"og:url\" content=\"https:\/\/doohvolution.de\/es\/impressum\" \/>\n<meta property=\"og:site_name\" content=\"DOOHVOLUTION\" \/>\n<meta property=\"article:modified_time\" content=\"2024-04-11T14:45:41+00:00\" \/>\n<meta property=\"og:image\" content=\"https:\/\/doohvolution.de\/wp-content\/uploads\/header_14_800_600.jpg\" \/>\n\t<meta property=\"og:image:width\" content=\"800\" \/>\n\t<meta property=\"og:image:height\" content=\"600\" \/>\n\t<meta property=\"og:image:type\" content=\"image\/jpeg\" \/>\n<meta name=\"twitter:card\" content=\"summary_large_image\" \/>\n<meta name=\"twitter:label1\" content=\"Tiempo de lectura\" \/>\n\t<meta name=\"twitter:data1\" content=\"3 minutos\" \/>\n<script type=\"application\/ld+json\" class=\"yoast-schema-graph\">{\"@context\":\"https:\/\/schema.org\",\"@graph\":[{\"@type\":\"WebPage\",\"@id\":\"https:\/\/doohvolution.de\/impressum\",\"url\":\"https:\/\/doohvolution.de\/impressum\",\"name\":\"Impressum - DOOHVOLUTION\",\"isPartOf\":{\"@id\":\"https:\/\/doohvolution.de\/#website\"},\"primaryImageOfPage\":{\"@id\":\"https:\/\/doohvolution.de\/impressum#primaryimage\"},\"image\":{\"@id\":\"https:\/\/doohvolution.de\/impressum#primaryimage\"},\"thumbnailUrl\":\"https:\/\/doohvolution.de\/wp-content\/uploads\/header_14_800_600.jpg\",\"datePublished\":\"2020-03-12T16:55:12+00:00\",\"dateModified\":\"2024-04-11T14:45:41+00:00\",\"description\":\"Consulting, Beratung, Digitalisierung, IT, Corporate Identitiy, Digitalisierung, DMS, Projektmanagement, Interim Management und M&A in Bonn\",\"inLanguage\":\"es\",\"potentialAction\":[{\"@type\":\"ReadAction\",\"target\":[\"https:\/\/doohvolution.de\/impressum\"]}]},{\"@type\":\"ImageObject\",\"inLanguage\":\"es\",\"@id\":\"https:\/\/doohvolution.de\/impressum#primaryimage\",\"url\":\"https:\/\/doohvolution.de\/wp-content\/uploads\/header_14_800_600.jpg\",\"contentUrl\":\"https:\/\/doohvolution.de\/wp-content\/uploads\/header_14_800_600.jpg\",\"width\":800,\"height\":600},{\"@type\":\"WebSite\",\"@id\":\"https:\/\/doohvolution.de\/#website\",\"url\":\"https:\/\/doohvolution.de\/\",\"name\":\"DOOHVOLUTION\",\"description\":\"DOOHVOLUTION\",\"potentialAction\":[{\"@type\":\"SearchAction\",\"target\":{\"@type\":\"EntryPoint\",\"urlTemplate\":\"https:\/\/doohvolution.de\/?s={search_term_string}\"},\"query-input\":{\"@type\":\"PropertyValueSpecification\",\"valueRequired\":true,\"valueName\":\"search_term_string\"}}],\"inLanguage\":\"es\"}]}<\/script>\n<!-- \/ Yoast SEO plugin. -->","yoast_head_json":{"title":"Impressum - DOOHVOLUTION","description":"Consulting, Beratung, Digitalisierung, IT, Corporate Identitiy, Digitalisierung, DMS, Projektmanagement, Interim Management und M&A in Bonn","robots":{"index":"index","follow":"follow","max-snippet":"max-snippet:-1","max-image-preview":"max-image-preview:large","max-video-preview":"max-video-preview:-1"},"canonical":"https:\/\/doohvolution.de\/es\/impressum","og_locale":"es_ES","og_type":"article","og_title":"Impressum - DOOHVOLUTION","og_description":"Consulting, Beratung, Digitalisierung, IT, Corporate Identitiy, Digitalisierung, DMS, Projektmanagement, Interim Management und M&A in Bonn","og_url":"https:\/\/doohvolution.de\/es\/impressum","og_site_name":"DOOHVOLUTION","article_modified_time":"2024-04-11T14:45:41+00:00","og_image":[{"width":800,"height":600,"url":"https:\/\/doohvolution.de\/wp-content\/uploads\/header_14_800_600.jpg","type":"image\/jpeg"}],"twitter_card":"summary_large_image","twitter_misc":{"Tiempo de lectura":"3 minutos"},"schema":{"@context":"https:\/\/schema.org","@graph":[{"@type":"WebPage","@id":"https:\/\/doohvolution.de\/impressum","url":"https:\/\/doohvolution.de\/impressum","name":"Impressum - DOOHVOLUTION","isPartOf":{"@id":"https:\/\/doohvolution.de\/#website"},"primaryImageOfPage":{"@id":"https:\/\/doohvolution.de\/impressum#primaryimage"},"image":{"@id":"https:\/\/doohvolution.de\/impressum#primaryimage"},"thumbnailUrl":"https:\/\/doohvolution.de\/wp-content\/uploads\/header_14_800_600.jpg","datePublished":"2020-03-12T16:55:12+00:00","dateModified":"2024-04-11T14:45:41+00:00","description":"Consulting, Beratung, Digitalisierung, IT, Corporate Identitiy, Digitalisierung, DMS, Projektmanagement, Interim Management und M&A in Bonn","inLanguage":"es","potentialAction":[{"@type":"ReadAction","target":["https:\/\/doohvolution.de\/impressum"]}]},{"@type":"ImageObject","inLanguage":"es","@id":"https:\/\/doohvolution.de\/impressum#primaryimage","url":"https:\/\/doohvolution.de\/wp-content\/uploads\/header_14_800_600.jpg","contentUrl":"https:\/\/doohvolution.de\/wp-content\/uploads\/header_14_800_600.jpg","width":800,"height":600},{"@type":"WebSite","@id":"https:\/\/doohvolution.de\/#website","url":"https:\/\/doohvolution.de\/","name":"DOOHVOLUTION","description":"DOOHVOLUTION","potentialAction":[{"@type":"SearchAction","target":{"@type":"EntryPoint","urlTemplate":"https:\/\/doohvolution.de\/?s={search_term_string}"},"query-input":{"@type":"PropertyValueSpecification","valueRequired":true,"valueName":"search_term_string"}}],"inLanguage":"es"}]}},"post_mailing_queue_ids":[],"_links":{"self":[{"href":"https:\/\/doohvolution.de\/es\/wp-json\/wp\/v2\/pages\/2947","targetHints":{"allow":["GET"]}}],"collection":[{"href":"https:\/\/doohvolution.de\/es\/wp-json\/wp\/v2\/pages"}],"about":[{"href":"https:\/\/doohvolution.de\/es\/wp-json\/wp\/v2\/types\/page"}],"author":[{"embeddable":true,"href":"https:\/\/doohvolution.de\/es\/wp-json\/wp\/v2\/users\/1"}],"replies":[{"embeddable":true,"href":"https:\/\/doohvolution.de\/es\/wp-json\/wp\/v2\/comments?post=2947"}],"version-history":[{"count":0,"href":"https:\/\/doohvolution.de\/es\/wp-json\/wp\/v2\/pages\/2947\/revisions"}],"wp:featuredmedia":[{"embeddable":true,"href":"https:\/\/doohvolution.de\/es\/wp-json\/wp\/v2\/media\/6305"}],"wp:attachment":[{"href":"https:\/\/doohvolution.de\/es\/wp-json\/wp\/v2\/media?parent=2947"}],"curies":[{"name":"wp","href":"https:\/\/api.w.org\/{rel}","templated":true}]}}