{"id":7031,"date":"2023-09-13T15:08:38","date_gmt":"2023-09-13T15:08:38","guid":{"rendered":"https:\/\/doohvolution.de\/?page_id=7031"},"modified":"2024-11-08T15:24:53","modified_gmt":"2024-11-08T15:24:53","slug":"investor-relations","status":"publish","type":"page","link":"https:\/\/doohvolution.de\/en\/investor-relations","title":{"rendered":"Investor Relations"},"content":{"rendered":"<section class=\"wpb-content-wrapper\"><div class=\"vc_row wpb_row vc_row-fluid inner_container desktop-visible cneo-head vc_custom_1712846852400 vc_row-has-fill vc_rtl-columns-reverse vc_row-o-content-middle vc_row-flex\"><div class=\"wpb_column vc_column_container vc_col-sm-3\/5\"><div class=\"vc_column-inner vc_custom_1688291728146\"><div class=\"wpb_wrapper\">\n\t<div class=\"wpb_text_column wpb_content_element\" >\n\t\t<div class=\"wpb_wrapper\">\n\t\t\t\n\t\t<\/div>\n\t<\/div>\n<\/div><\/div><\/div><\/div><div class=\"vc_row wpb_row vc_row-fluid mobile-invisible cneo-head\"><div class=\"wpb_column vc_column_container vc_col-sm-12\"><div class=\"vc_column-inner\"><div class=\"wpb_wrapper\">\n\t<div  class=\"wpb_single_image wpb_content_element vc_align_left\">\n\t\t\n\t\t<figure class=\"wpb_wrapper vc_figure\">\n\t\t\t<div class=\"vc_single_image-wrapper   vc_box_border_grey\"><img loading=\"lazy\" decoding=\"async\" width=\"800\" height=\"600\" src=\"https:\/\/doohvolution.de\/wp-content\/uploads\/header_14_800_600.jpg\" class=\"vc_single_image-img attachment-full\" alt=\"\" title=\"doohvolution_clients_the_one\" srcset=\"https:\/\/doohvolution.de\/wp-content\/uploads\/header_14_800_600.jpg 800w, https:\/\/doohvolution.de\/wp-content\/uploads\/header_14_800_600-300x225.jpg 300w, https:\/\/doohvolution.de\/wp-content\/uploads\/header_14_800_600-768x576.jpg 768w, https:\/\/doohvolution.de\/wp-content\/uploads\/header_14_800_600-16x12.jpg 16w, https:\/\/doohvolution.de\/wp-content\/uploads\/header_14_800_600-100x75.jpg 100w\" sizes=\"auto, (max-width: 800px) 100vw, 800px\" \/><\/div>\n\t\t<\/figure>\n\t<\/div>\n<\/div><\/div><\/div><\/div><div class=\"vc_row wpb_row vc_row-fluid inner_container vc_custom_1688402600947 vc_row-has-fill vc_row-o-content-middle vc_row-flex\"><div class=\"inner_container_fixed wpb_column vc_column_container vc_col-sm-12\"><div class=\"vc_column-inner\"><div class=\"wpb_wrapper\">\n\t<div class=\"wpb_text_column wpb_content_element  inner_container_fixed\" >\n\t\t<div class=\"wpb_wrapper\">\n\t\t\t<h1 style=\"color: #7fc5cd; line-height: 150%; text-align: center;\">BECOME PART OF THE DOOHVOLUTION<\/h1>\n<p style=\"color: #7fc5cd; line-height: 150%; text-align: center;\">We are excited to introduce DOOHVOLUTION - a groundbreaking DOOH (Digital Out-of-Home) offering that will revolutionise the way you interact with audiences in urban environments. With DOOHVOLUTION and its marketing, we are bringing mobility, efficiency and targeted audience engagement to digital outdoor advertising like never before.<\/p>\n\n\t\t<\/div>\n\t<\/div>\n<\/div><\/div><\/div><\/div><div class=\"vc_row wpb_row vc_row-fluid inner_container vc_custom_1688402760763 vc_row-has-fill vc_column-gap-25 vc_row-o-content-top vc_row-flex\"><div class=\"wpb_column vc_column_container vc_col-sm-12\"><div class=\"vc_column-inner\"><div class=\"wpb_wrapper\">\n\t<div class=\"wpb_text_column wpb_content_element\" >\n\t\t<div class=\"wpb_wrapper\">\n\t\t\t\n\t\t<\/div>\n\t<\/div>\n<div class=\"vc_row wpb_row vc_inner vc_row-fluid inner_container_fixed vc_column-gap-20\"><div class=\"wpb_column vc_column_container vc_col-sm-6\"><div class=\"vc_column-inner\"><div class=\"wpb_wrapper\">\n\t<div  class=\"wpb_single_image wpb_content_element vc_align_left\">\n\t\t\n\t\t<figure class=\"wpb_wrapper vc_figure\">\n\t\t\t<div class=\"vc_single_image-wrapper   vc_box_border_grey\"><img loading=\"lazy\" decoding=\"async\" width=\"800\" height=\"600\" src=\"https:\/\/doohvolution.de\/wp-content\/uploads\/header_4_800_600.jpg\" class=\"vc_single_image-img attachment-full\" alt=\"\" title=\"header_4_800_600\" srcset=\"https:\/\/doohvolution.de\/wp-content\/uploads\/header_4_800_600.jpg 800w, https:\/\/doohvolution.de\/wp-content\/uploads\/header_4_800_600-300x225.jpg 300w, https:\/\/doohvolution.de\/wp-content\/uploads\/header_4_800_600-768x576.jpg 768w, https:\/\/doohvolution.de\/wp-content\/uploads\/header_4_800_600-16x12.jpg 16w, https:\/\/doohvolution.de\/wp-content\/uploads\/header_4_800_600-100x75.jpg 100w\" sizes=\"auto, (max-width: 800px) 100vw, 800px\" \/><\/div>\n\t\t<\/figure>\n\t<\/div>\n<\/div><\/div><\/div><div class=\"wpb_column vc_column_container vc_col-sm-6\"><div class=\"vc_column-inner\"><div class=\"wpb_wrapper\">\n\t<div class=\"wpb_text_column wpb_content_element\" >\n\t\t<div class=\"wpb_wrapper\">\n\t\t\t<h2 style=\"color: #7fc5cd; line-height: 150%; text-align: left;\">THE DOOHVOLUTION<\/h2>\n<p style=\"color: #7fc5cd; line-height: 150%; text-align: left;\">The powerful combination of car and DOOH display is the revolution in the DOOH market.<\/p>\n<p style=\"color: #7fc5cd; line-height: 150%; text-align: left;\">Never before has it been possible to reach your target group so precisely and programmatically with GPS support.<\/p>\n<p style=\"color: #7fc5cd; line-height: 150%; text-align: left;\">The high degree of attention of the medium naturally also contributes to this. Scaling marketing is capital intensive and requires investment to accelerate expansion.<\/p>\n<p style=\"color: #7fc5cd; line-height: 150%; text-align: left;\">Become part of the DOOHVOLUTION as an investor and benefit with the right partner from the rapidly growing market with an innovative company that establishes high-quality DOOH solutions.<\/p>\n\n\t\t<\/div>\n\t<\/div>\n<\/div><\/div><\/div><\/div><\/div><\/div><\/div><\/div><div class=\"vc_row wpb_row vc_row-fluid inner_container vc_custom_1694682056216 vc_row-has-fill vc_row-o-content-middle vc_row-flex\"><div class=\"inner_container_fixed wpb_column vc_column_container vc_col-sm-12\"><div class=\"vc_column-inner\"><div class=\"wpb_wrapper\"><div class=\"vc_empty_space\"   style=\"height: 2px\"><span class=\"vc_empty_space_inner\"><\/span><\/div>\n\t<div class=\"wpb_text_column wpb_content_element\" >\n\t\t<div class=\"wpb_wrapper\">\n\t\t\t\n\t\t<\/div>\n\t<\/div>\n\n\t<div class=\"wpb_text_column wpb_content_element\" >\n\t\t<div class=\"wpb_wrapper\">\n\t\t\t<h2 style=\"color: #ffffff; line-height: 150%; text-align: center;\">THE GERMAN DOOH MARKET IN FIGURES<\/h2>\n\n\t\t<\/div>\n\t<\/div>\n<div class=\"vc_row wpb_row vc_inner vc_row-fluid\"><div class=\"wpb_column vc_column_container vc_col-sm-3\"><div class=\"vc_column-inner\"><div class=\"wpb_wrapper\">\n\t<div class=\"wpb_text_column wpb_content_element\" >\n\t\t<div class=\"wpb_wrapper\">\n\t\t\t<h1 style=\"color: #ffffff; line-height: 150%; text-align: center;\"><b>80%<\/b><\/h1>\n\n\t\t<\/div>\n\t<\/div>\n\n\t<div class=\"wpb_text_column wpb_content_element\" >\n\t\t<div class=\"wpb_wrapper\">\n\t\t\t<p style=\"color: #ffffff; line-height: 150%; text-align: center;\">Over 80 per cent market growth since 2018<\/p>\n\n\t\t<\/div>\n\t<\/div>\n<\/div><\/div><\/div><div class=\"wpb_column vc_column_container vc_col-sm-3\"><div class=\"vc_column-inner\"><div class=\"wpb_wrapper\">\n\t<div class=\"wpb_text_column wpb_content_element\" >\n\t\t<div class=\"wpb_wrapper\">\n\t\t\t<h1 style=\"color: #ffffff; line-height: 150%; text-align: center;\"><b>2.000<\/b><\/h1>\n\n\t\t<\/div>\n\t<\/div>\n\n\t<div class=\"wpb_text_column wpb_content_element\" >\n\t\t<div class=\"wpb_wrapper\">\n\t\t\t<p style=\"color: #ffffff; line-height: 150%; text-align: center;\">EURO MILLION forecast turnover in programmatic DOOH advertising (DE)<\/p>\n\n\t\t<\/div>\n\t<\/div>\n<\/div><\/div><\/div><div class=\"wpb_column vc_column_container vc_col-sm-3\"><div class=\"vc_column-inner\"><div class=\"wpb_wrapper\">\n\t<div class=\"wpb_text_column wpb_content_element\" >\n\t\t<div class=\"wpb_wrapper\">\n\t\t\t<h1 style=\"color: #ffffff; line-height: 150%; text-align: center;\"><b>24%<\/b><\/h1>\n\n\t\t<\/div>\n\t<\/div>\n\n\t<div class=\"wpb_text_column wpb_content_element\" >\n\t\t<div class=\"wpb_wrapper\">\n\t\t\t<p style=\"color: #ffffff; line-height: 150%; text-align: center;\">Growth in the DOOH segment in the first six months of the 2023 financial year (EN)<\/p>\n\n\t\t<\/div>\n\t<\/div>\n<\/div><\/div><\/div><div class=\"wpb_column vc_column_container vc_col-sm-3\"><div class=\"vc_column-inner\"><div class=\"wpb_wrapper\">\n\t<div class=\"wpb_text_column wpb_content_element\" >\n\t\t<div class=\"wpb_wrapper\">\n\t\t\t<h1 style=\"color: #ffffff; line-height: 150%; text-align: center;\"><b>97%<\/b><\/h1>\n\n\t\t<\/div>\n\t<\/div>\n\n\t<div class=\"wpb_text_column wpb_content_element\" >\n\t\t<div class=\"wpb_wrapper\">\n\t\t\t<p style=\"color: #ffffff; line-height: 150%; text-align: center;\">\u00a0Maximum achievable reach within the target group of a DOOH campaign<\/p>\n\n\t\t<\/div>\n\t<\/div>\n<\/div><\/div><\/div><\/div><div class=\"vc_empty_space\"   style=\"height: 32px\"><span class=\"vc_empty_space_inner\"><\/span><\/div><div class=\"vc_row wpb_row vc_inner vc_row-fluid\"><div class=\"wpb_column vc_column_container vc_col-sm-12\"><div class=\"vc_column-inner\"><div class=\"wpb_wrapper\"><\/div><\/div><\/div><\/div><\/div><\/div><\/div><\/div><div class=\"vc_row wpb_row vc_row-fluid inner_container vc_custom_1688403495766 vc_row-has-fill vc_row-o-content-middle vc_row-flex\"><div class=\"inner_container_fixed wpb_column vc_column_container vc_col-sm-12\"><div class=\"vc_column-inner\"><div class=\"wpb_wrapper\"><div class=\"vc_empty_space\"   style=\"height: 32px\"><span class=\"vc_empty_space_inner\"><\/span><\/div>\n\t<div class=\"wpb_text_column wpb_content_element\" >\n\t\t<div class=\"wpb_wrapper\">\n\t\t\t<h2 style=\"color: #7fc5cd; line-height: 150%; text-align: center;\">THE MANAGEMENT TEAM<\/h2>\n\n\t\t<\/div>\n\t<\/div>\n<div class=\"vc_row wpb_row vc_inner vc_row-fluid\"><div class=\"wpb_column vc_column_container vc_col-sm-4\"><div class=\"vc_column-inner\"><div class=\"wpb_wrapper\">\n\t<div  class=\"wpb_single_image wpb_content_element vc_align_center\">\n\t\t\n\t\t<figure class=\"wpb_wrapper vc_figure\">\n\t\t\t<div class=\"vc_single_image-wrapper   vc_box_border_grey\"><img loading=\"lazy\" decoding=\"async\" width=\"300\" height=\"300\" src=\"https:\/\/doohvolution.de\/wp-content\/uploads\/raphael_koll-300x300.jpg\" class=\"vc_single_image-img attachment-medium\" alt=\"\" title=\"Raphael Koll, CEO\" srcset=\"https:\/\/doohvolution.de\/wp-content\/uploads\/raphael_koll-300x300.jpg 300w, https:\/\/doohvolution.de\/wp-content\/uploads\/raphael_koll-150x150.jpg 150w, https:\/\/doohvolution.de\/wp-content\/uploads\/raphael_koll-12x12.jpg 12w, https:\/\/doohvolution.de\/wp-content\/uploads\/raphael_koll-100x100.jpg 100w, https:\/\/doohvolution.de\/wp-content\/uploads\/raphael_koll.jpg 683w\" sizes=\"auto, (max-width: 300px) 100vw, 300px\" \/><\/div>\n\t\t<\/figure>\n\t<\/div>\n\n\t<div class=\"wpb_text_column wpb_content_element\" >\n\t\t<div class=\"wpb_wrapper\">\n\t\t\t<p style=\"color: #7fc5cd; line-height: 150%; text-align: center;\"><b>Raphael Koll<br \/>\n<\/b>CEO<\/p>\n\n\t\t<\/div>\n\t<\/div>\n<\/div><\/div><\/div><div class=\"wpb_column vc_column_container vc_col-sm-4\"><div class=\"vc_column-inner\"><div class=\"wpb_wrapper\">\n\t<div  class=\"wpb_single_image wpb_content_element vc_align_center\">\n\t\t\n\t\t<figure class=\"wpb_wrapper vc_figure\">\n\t\t\t<div class=\"vc_single_image-wrapper   vc_box_border_grey\"><img loading=\"lazy\" decoding=\"async\" width=\"300\" height=\"300\" src=\"https:\/\/doohvolution.de\/wp-content\/uploads\/simon_knobelsdorf_2-300x300.jpg\" class=\"vc_single_image-img attachment-medium\" alt=\"\" title=\"Simon von Knobelsdorff, CSO\" srcset=\"https:\/\/doohvolution.de\/wp-content\/uploads\/simon_knobelsdorf_2-300x300.jpg 300w, https:\/\/doohvolution.de\/wp-content\/uploads\/simon_knobelsdorf_2-150x150.jpg 150w, https:\/\/doohvolution.de\/wp-content\/uploads\/simon_knobelsdorf_2-768x768.jpg 768w, https:\/\/doohvolution.de\/wp-content\/uploads\/simon_knobelsdorf_2-12x12.jpg 12w, https:\/\/doohvolution.de\/wp-content\/uploads\/simon_knobelsdorf_2-100x100.jpg 100w, https:\/\/doohvolution.de\/wp-content\/uploads\/simon_knobelsdorf_2.jpg 800w\" sizes=\"auto, (max-width: 300px) 100vw, 300px\" \/><\/div>\n\t\t<\/figure>\n\t<\/div>\n\n\t<div class=\"wpb_text_column wpb_content_element\" >\n\t\t<div class=\"wpb_wrapper\">\n\t\t\t<p style=\"color: #7fc5cd; line-height: 150%; text-align: center;\"><b>Simon von Knobelsdorff<br \/>\n<\/b>COO<\/p>\n\n\t\t<\/div>\n\t<\/div>\n<\/div><\/div><\/div><div class=\"wpb_column vc_column_container vc_col-sm-4\"><div class=\"vc_column-inner\"><div class=\"wpb_wrapper\">\n\t<div  class=\"wpb_single_image wpb_content_element vc_align_center\">\n\t\t\n\t\t<figure class=\"wpb_wrapper vc_figure\">\n\t\t\t<div class=\"vc_single_image-wrapper   vc_box_border_grey\"><img loading=\"lazy\" decoding=\"async\" width=\"300\" height=\"300\" src=\"https:\/\/doohvolution.de\/wp-content\/uploads\/michael_lahr-300x300.jpg\" class=\"vc_single_image-img attachment-medium\" alt=\"\" title=\"Michael Lahr, CMO\" srcset=\"https:\/\/doohvolution.de\/wp-content\/uploads\/michael_lahr-300x300.jpg 300w, https:\/\/doohvolution.de\/wp-content\/uploads\/michael_lahr-150x150.jpg 150w, https:\/\/doohvolution.de\/wp-content\/uploads\/michael_lahr-768x768.jpg 768w, https:\/\/doohvolution.de\/wp-content\/uploads\/michael_lahr-12x12.jpg 12w, https:\/\/doohvolution.de\/wp-content\/uploads\/michael_lahr-100x100.jpg 100w, https:\/\/doohvolution.de\/wp-content\/uploads\/michael_lahr.jpg 800w\" sizes=\"auto, (max-width: 300px) 100vw, 300px\" \/><\/div>\n\t\t<\/figure>\n\t<\/div>\n\n\t<div class=\"wpb_text_column wpb_content_element\" >\n\t\t<div class=\"wpb_wrapper\">\n\t\t\t<p style=\"color: #7fc5cd; line-height: 150%; text-align: center;\"><b>Michael Lahr<br \/>\n<\/b>CMO<\/p>\n\n\t\t<\/div>\n\t<\/div>\n<\/div><\/div><\/div><\/div><\/div><\/div><\/div><\/div><div class=\"vc_row wpb_row vc_row-fluid inner_container vc_custom_1694621718010 vc_row-has-fill\"><div class=\"wpb_column vc_column_container vc_col-sm-4\"><div class=\"vc_column-inner\"><div class=\"wpb_wrapper\">\n\t<div class=\"wpb_raw_code wpb_content_element wpb_raw_html\" >\n\t\t<div class=\"wpb_wrapper\">\n\t\t\t&amp;nbsp\n\t\t<\/div>\n\t<\/div>\n<\/div><\/div><\/div><div class=\"wpb_column vc_column_container vc_col-sm-4\"><div class=\"vc_column-inner\"><div class=\"wpb_wrapper\">\n\t<div class=\"wpb_text_column wpb_content_element\" >\n\t\t<div class=\"wpb_wrapper\">\n\t\t\t<h2 style=\"color: #7fc5cd; line-height: 150%; text-align: center;\">CONTACT<\/h2>\n<p class=\"ekit-heading--title elementskit-section-title\" style=\"text-align: center;\">We would be happy to inform you about the versatile possibilities of a cooperation.<\/p>\n<a  class=\"x-btn x-btn-block\"  href=\"mailto:info@doohvolution.de\"     data-options=\"thumbnail: ''\">Contact<\/a>\n\n\t\t<\/div>\n\t<\/div>\n<div class=\"vc_empty_space\"   style=\"height: 32px\"><span class=\"vc_empty_space_inner\"><\/span><\/div><\/div><\/div><\/div><div class=\"wpb_column vc_column_container vc_col-sm-4\"><div class=\"vc_column-inner\"><div class=\"wpb_wrapper\"><\/div><\/div><\/div><\/div>\n<\/section>","protected":false},"excerpt":{"rendered":"WERDEN SIE TEIL DER DOOHVOLUTION Wir freuen uns, Ihnen DOOHVOLUTION vorzustellen \u2013 ein bahnbrechendes DOOH (Digital Out-of-Home) Angebot, das die Art und Weise, wie man mit Zielgruppen in st\u00e4dtischen Umgebungen interagiert, revolutionieren wird. Mit DOOHVOLUTION und deren Vermarktung bringen wir Mobilit\u00e4t, Effizienz und gezielte Zielgruppenansprach in die digitale Au\u00dfenwerbung wie nie zuvor. DIE DOOHVOLUTION Die schlagkr\u00e4ftige Kombination von KFZ und ... <a href=\"https:\/\/doohvolution.de\/en\/investor-relations\" class=\"more-link\">Read More<\/a>","protected":false},"author":1,"featured_media":0,"parent":0,"menu_order":0,"comment_status":"closed","ping_status":"closed","template":"template-blank-4.php","meta":{"footnotes":""},"class_list":["post-7031","page","type-page","status-publish","hentry","no-post-thumbnail"],"yoast_head":"<!-- This site is optimized with the Yoast SEO plugin v24.3 - https:\/\/yoast.com\/wordpress\/plugins\/seo\/ -->\n<title>Investor RelationsI - DOOHVOLUTION<\/title>\n<meta name=\"description\" content=\"telemedclinic Penin\" \/>\n<meta name=\"robots\" content=\"index, follow, max-snippet:-1, max-image-preview:large, max-video-preview:-1\" \/>\n<link rel=\"canonical\" href=\"https:\/\/doohvolution.de\/en\/investor-relations\" \/>\n<meta property=\"og:locale\" content=\"en_GB\" \/>\n<meta property=\"og:type\" content=\"article\" \/>\n<meta property=\"og:title\" content=\"Investor RelationsI - DOOHVOLUTION\" \/>\n<meta property=\"og:description\" content=\"telemedclinic Penin\" \/>\n<meta property=\"og:url\" content=\"https:\/\/doohvolution.de\/en\/investor-relations\" \/>\n<meta property=\"og:site_name\" content=\"DOOHVOLUTION\" \/>\n<meta property=\"article:modified_time\" content=\"2024-11-08T15:24:53+00:00\" \/>\n<meta name=\"twitter:card\" content=\"summary_large_image\" \/>\n<meta name=\"twitter:label1\" content=\"Estimated reading time\" \/>\n\t<meta name=\"twitter:data1\" content=\"4 minutes\" \/>\n<script type=\"application\/ld+json\" class=\"yoast-schema-graph\">{\"@context\":\"https:\/\/schema.org\",\"@graph\":[{\"@type\":\"WebPage\",\"@id\":\"https:\/\/doohvolution.de\/investor-relations\",\"url\":\"https:\/\/doohvolution.de\/investor-relations\",\"name\":\"Investor RelationsI - DOOHVOLUTION\",\"isPartOf\":{\"@id\":\"https:\/\/doohvolution.de\/#website\"},\"datePublished\":\"2023-09-13T15:08:38+00:00\",\"dateModified\":\"2024-11-08T15:24:53+00:00\",\"description\":\"telemedclinic Penin\",\"inLanguage\":\"en-GB\",\"potentialAction\":[{\"@type\":\"ReadAction\",\"target\":[\"https:\/\/doohvolution.de\/investor-relations\"]}]},{\"@type\":\"WebSite\",\"@id\":\"https:\/\/doohvolution.de\/#website\",\"url\":\"https:\/\/doohvolution.de\/\",\"name\":\"DOOHVOLUTION\",\"description\":\"DOOHVOLUTION\",\"potentialAction\":[{\"@type\":\"SearchAction\",\"target\":{\"@type\":\"EntryPoint\",\"urlTemplate\":\"https:\/\/doohvolution.de\/?s={search_term_string}\"},\"query-input\":{\"@type\":\"PropertyValueSpecification\",\"valueRequired\":true,\"valueName\":\"search_term_string\"}}],\"inLanguage\":\"en-GB\"}]}<\/script>\n<!-- \/ Yoast SEO plugin. -->","yoast_head_json":{"title":"Investor RelationsI - DOOHVOLUTION","description":"telemedclinic Penin","robots":{"index":"index","follow":"follow","max-snippet":"max-snippet:-1","max-image-preview":"max-image-preview:large","max-video-preview":"max-video-preview:-1"},"canonical":"https:\/\/doohvolution.de\/en\/investor-relations","og_locale":"en_GB","og_type":"article","og_title":"Investor RelationsI - DOOHVOLUTION","og_description":"telemedclinic Penin","og_url":"https:\/\/doohvolution.de\/en\/investor-relations","og_site_name":"DOOHVOLUTION","article_modified_time":"2024-11-08T15:24:53+00:00","twitter_card":"summary_large_image","twitter_misc":{"Estimated reading time":"4 minutes"},"schema":{"@context":"https:\/\/schema.org","@graph":[{"@type":"WebPage","@id":"https:\/\/doohvolution.de\/investor-relations","url":"https:\/\/doohvolution.de\/investor-relations","name":"Investor RelationsI - DOOHVOLUTION","isPartOf":{"@id":"https:\/\/doohvolution.de\/#website"},"datePublished":"2023-09-13T15:08:38+00:00","dateModified":"2024-11-08T15:24:53+00:00","description":"telemedclinic Penin","inLanguage":"en-GB","potentialAction":[{"@type":"ReadAction","target":["https:\/\/doohvolution.de\/investor-relations"]}]},{"@type":"WebSite","@id":"https:\/\/doohvolution.de\/#website","url":"https:\/\/doohvolution.de\/","name":"DOOHVOLUTION","description":"DOOHVOLUTION","potentialAction":[{"@type":"SearchAction","target":{"@type":"EntryPoint","urlTemplate":"https:\/\/doohvolution.de\/?s={search_term_string}"},"query-input":{"@type":"PropertyValueSpecification","valueRequired":true,"valueName":"search_term_string"}}],"inLanguage":"en-GB"}]}},"post_mailing_queue_ids":[],"_links":{"self":[{"href":"https:\/\/doohvolution.de\/en\/wp-json\/wp\/v2\/pages\/7031","targetHints":{"allow":["GET"]}}],"collection":[{"href":"https:\/\/doohvolution.de\/en\/wp-json\/wp\/v2\/pages"}],"about":[{"href":"https:\/\/doohvolution.de\/en\/wp-json\/wp\/v2\/types\/page"}],"author":[{"embeddable":true,"href":"https:\/\/doohvolution.de\/en\/wp-json\/wp\/v2\/users\/1"}],"replies":[{"embeddable":true,"href":"https:\/\/doohvolution.de\/en\/wp-json\/wp\/v2\/comments?post=7031"}],"version-history":[{"count":1,"href":"https:\/\/doohvolution.de\/en\/wp-json\/wp\/v2\/pages\/7031\/revisions"}],"predecessor-version":[{"id":7281,"href":"https:\/\/doohvolution.de\/en\/wp-json\/wp\/v2\/pages\/7031\/revisions\/7281"}],"wp:attachment":[{"href":"https:\/\/doohvolution.de\/en\/wp-json\/wp\/v2\/media?parent=7031"}],"curies":[{"name":"wp","href":"https:\/\/api.w.org\/{rel}","templated":true}]}}